{"id":13,"date":"2015-02-19T16:19:49","date_gmt":"2015-02-19T16:19:49","guid":{"rendered":"http:\/\/www.golden-c.com\/?page_id=13"},"modified":"2021-05-27T20:12:34","modified_gmt":"2021-05-28T02:12:34","slug":"servicios","status":"publish","type":"page","link":"http:\/\/www.golden-c.com\/cr\/servicios\/","title":{"rendered":"Servicios"},"content":{"rendered":"<div class=\"fusion-fullwidth fullwidth-box\" style=\"background-attachment:scroll;background-position:left top;background-repeat:no-repeat;-webkit-background-size:cover;-moz-background-size:cover;-o-background-size:cover;background-size:cover;border-color:#eae9e9;border-bottom-width: 0px;border-top-width: 0px;border-bottom-style: solid;border-top-style: solid;padding-bottom:20px;padding-left:0px;padding-right:0px;padding-top:20px;\"><div class=\"avada-row\"><div class=\"fusion-title title sep-underline sep-dotted\" style=\"border-bottom-color:#2f4471;\"><h3 class=\"title-heading-left\">BUILD TO SUIT<\/h3><\/div><img loading=\"lazy\" class=\"alignnone wp-image-317 alignleft\" src=\"http:\/\/www.golden-c.com\/wp-content\/uploads\/calle1002-300x158.jpg\" alt=\"calle1002\" width=\"530\" height=\"279\" srcset=\"http:\/\/www.golden-c.com\/cr\/wp-content\/uploads\/calle1002-300x158.jpg 300w, http:\/\/www.golden-c.com\/cr\/wp-content\/uploads\/calle1002.jpg 530w\" sizes=\"(max-width: 530px) 100vw, 530px\" \/><\/p>\n<p style=\"text-align: justify;\">Una forma de arrendamiento de bienes inmuebles, con fines comerciales, en los que el promotor o el propietario construyen bajo las especificaciones de un arrendatario. \u00abconstruido para servir\u00bb es un t\u00e9rmino en bienes ra\u00edces utilizadas para identificar a los contratos de arrendamiento a largo plazo en el que la propiedad se construy\u00f3 para servir a los intereses del arrendatario.<\/p>\n<p style=\"text-align: justify;\">Golden Comunicaciones desarrollo, la m\u00e1s \u00f3ptima alternativa en infraestructura de telecomunicaciones, la cual ofrece una soluci\u00f3n a la problem\u00e1tica de los efectos e impactos ambientales que han causado las estructuras actuales, mitigando la contaminaci\u00f3n visual, desarrollando espacios limpios y arm\u00f3nicos e integr\u00e1ndonos al paisaje urbano del entorno en los que se desarrollan, teniendo como pilar fundamental mejorar con nuestra soluci\u00f3n el respeto del medioambiente, el entorno urbano y la calidad de vida.<\/p>\n<\/div><\/div><div class=\"fusion-title title sep-underline sep-dotted\" style=\"border-bottom-color:#2f4471;\"><h3 class=\"title-heading-left\">TELECOMUNICACIONES<\/h3><\/div><div class=\"fusion-fullwidth fullwidth-box\" style=\"background-attachment:scroll;background-position:left top;background-repeat:no-repeat;-webkit-background-size:cover;-moz-background-size:cover;-o-background-size:cover;background-size:cover;border-color:#eae9e9;border-bottom-width: 0px;border-top-width: 0px;border-bottom-style: solid;border-top-style: solid;padding-bottom:20px;padding-left:0px;padding-right:0px;padding-top:20px;\"><div class=\"avada-row\">\n<table style=\"height: 262px;\" width=\"1092\">\n<tbody>\n<tr>\n<td style=\"width: 500px;\"><div style=\"width: 530px;\" class=\"wp-video\"><!--[if lt IE 9]><script>document.createElement('video');<\/script><![endif]-->\n<video class=\"wp-video-shortcode\" id=\"video-13-1\" width=\"530\" height=\"280\" loop=\"1\" autoplay=\"1\" preload=\"metadata\" controls=\"controls\"><source type=\"video\/mp4\" src=\"http:\/\/www.golden-c.com\/wp-content\/uploads\/TOMA_1.mp4?_=1\" \/><a href=\"http:\/\/www.golden-c.com\/wp-content\/uploads\/TOMA_1.mp4\">http:\/\/www.golden-c.com\/wp-content\/uploads\/TOMA_1.mp4<\/a><\/video><\/div><\/td>\n<td><\/td>\n<td><\/td>\n<td>\n<p style=\"text-align: justify;\">El personal de Golden Comunicaciones SA ha participado en la \u00a0implementaci\u00f3n de redes de telecomunicaci\u00f3nes desde 1991, con el saber de \u00a0haber participado en la instalaci\u00f3n de los equipos de telecomunicaciones en las \u00a0 \u00a0redes m\u00e1s grandes de America Latina.<\/p>\n<ul>\n<li>Dise\u00f1o, planeaci\u00f3n, implementaci\u00f3n, pruebas, puesta en servicio y mantenimiento de equipos.<\/li>\n<li>Mantenimiento preventivo y correctivo.<\/li>\n<li>Adecuaciones.<\/li>\n<li>Interventor\u00edas y auditor\u00edas.<\/li>\n<li>Pruebas de RF (Drive Test, Benchmarking, QoS, Performance, Optimizaci\u00f3n).<\/li>\n<\/ul>\n<\/td>\n<\/tr>\n<\/tbody>\n<\/table>\n<\/div><\/div><style type='text\/css'>.reading-box-container-1 .element-bottomshadow:before,.reading-box-container-1 .element-bottomshadow:after{opacity:0.7;}<\/style><div class=\"fusion-reading-box-container reading-box-container-1 fusion-animated\" data-animationType=\"slideInRight\" data-animationDuration=\"0.3\"><div class=\"reading-box element-bottomshadow\" style=\"background-color:#f6f6f6;border-width:1px;border-color:#2f4471;border-left-width:3px;border-left-color:#14257a;border-style:solid;\"><a class=\"button fusion-button button-default default button-round button-large large button-flat continue continue-right\" style=\"-webkit-box-shadow:none;-moz-box-shadow:none;box-shadow:none;\" href=\"http:\/\/www.golden-c.com\/contactenos\/\" target=\"_self\"><span>\u00a1Comun\u00edquese con nosotros!<\/span><\/a><h2>Golden Comunicaciones S.A.<\/h2><div class=\"reading-box-description\">Su aliado estrat\u00e9gico en el montaje de torres de comunicaciones en Costa RIca.<\/div><a class=\"button fusion-button button-default default button-round button-large large button-flat mobile-button continue-right\" style=\"-webkit-box-shadow:none;-moz-box-shadow:none;box-shadow:none;\" href=\"http:\/\/www.golden-c.com\/contactenos\/\" target=\"_self\"><span>\u00a1Comun\u00edquese con nosotros!<\/span><\/a><\/div><\/div>\n","protected":false},"excerpt":{"rendered":"","protected":false},"author":38,"featured_media":0,"parent":0,"menu_order":2,"comment_status":"open","ping_status":"closed","template":"","meta":[],"_links":{"self":[{"href":"http:\/\/www.golden-c.com\/cr\/wp-json\/wp\/v2\/pages\/13"}],"collection":[{"href":"http:\/\/www.golden-c.com\/cr\/wp-json\/wp\/v2\/pages"}],"about":[{"href":"http:\/\/www.golden-c.com\/cr\/wp-json\/wp\/v2\/types\/page"}],"author":[{"embeddable":true,"href":"http:\/\/www.golden-c.com\/cr\/wp-json\/wp\/v2\/users\/38"}],"replies":[{"embeddable":true,"href":"http:\/\/www.golden-c.com\/cr\/wp-json\/wp\/v2\/comments?post=13"}],"version-history":[{"count":24,"href":"http:\/\/www.golden-c.com\/cr\/wp-json\/wp\/v2\/pages\/13\/revisions"}],"predecessor-version":[{"id":615,"href":"http:\/\/www.golden-c.com\/cr\/wp-json\/wp\/v2\/pages\/13\/revisions\/615"}],"wp:attachment":[{"href":"http:\/\/www.golden-c.com\/cr\/wp-json\/wp\/v2\/media?parent=13"}],"curies":[{"name":"wp","href":"https:\/\/api.w.org\/{rel}","templated":true}]}}