{"id":15,"date":"2015-02-19T16:20:06","date_gmt":"2015-02-19T16:20:06","guid":{"rendered":"http:\/\/www.golden-c.com\/?page_id=15"},"modified":"2024-10-21T11:14:12","modified_gmt":"2024-10-21T17:14:12","slug":"la-empresa","status":"publish","type":"page","link":"http:\/\/www.golden-c.com\/cr\/la-empresa\/","title":{"rendered":"La empresa"},"content":{"rendered":"<div class=\"fusion-one-half one_half fusion-layout-column fusion-column spacing-yes\"><div class=\"fusion-column-wrapper\"><div class=\"fusion-slider-sc flexslider\" style=\"max-width:100%;height:100%;\"><ul class=\"slides\"><li class=\"image\"><img src=\"http:\/\/www.golden-c.com\/wp-content\/uploads\/slider-small-02.jpg\" \/><\/li><li class=\"image\"><img src=\"http:\/\/www.golden-c.com\/wp-content\/uploads\/slider-small-03.jpg\" \/><\/li><\/ul><\/div><\/div><\/div><div class=\"fusion-one-half one_half fusion-layout-column fusion-column last spacing-yes\"><div class=\"fusion-column-wrapper\"><div class=\"fusion-title title\"><h3 class=\"title-heading-left\">Bienvenido a Golden Comunicaciones<\/h3><div class=\"title-sep-container\"><div class=\"title-sep sep-double sep-solid\" style=\"border-color:#2b3a7f;\"><\/div><\/div><\/div>Golden <span data-teams=\"true\"><span class=\"ui-provider a b c d e f g h i j k l m n o p q r s t u v w x y z ab ac ae af ag ah ai aj ak\" dir=\"ltr\">Golden Comunicaciones es una empresa con m\u00e1s de 13 a\u00f1os de experiencia en la construcci\u00f3n y alquiler de infraestructura para telecomunicaciones. <\/span><\/span><\/p>\n<p><span data-teams=\"true\"><span class=\"ui-provider a b c d e f g h i j k l m n o p q r s t u v w x y z ab ac ae af ag ah ai aj ak\" dir=\"ltr\">A lo largo de nuestra trayectoria, nos hemos consolidado como l\u00edderes en el sector, ofreciendo soluciones personalizadas que se adaptan a las necesidades espec\u00edficas de cobertura de los operadores. <\/span><\/span><\/p>\n<p><span data-teams=\"true\"><span class=\"ui-provider a b c d e f g h i j k l m n o p q r s t u v w x y z ab ac ae af ag ah ai aj ak\" dir=\"ltr\">Nuestra capacidad de adaptaci\u00f3n ha sido clave para mantenernos competitivos, sobresaliendo en la implementaci\u00f3n de sitios mimetizados en entornos urbanos, donde combinamos discreci\u00f3n y eficiencia, as\u00ed como en la ejecuci\u00f3n de proyectos de alta complejidad por sus desafiantes condiciones de ubicaci\u00f3n y acceso<\/span><\/span><span style=\"font-size: inherit;\">.<\/div><\/div><div class=\"fusion-clearfix\"><\/div><div class=\"fusion-one-half one_half fusion-layout-column fusion-column spacing-yes\"><div class=\"fusion-column-wrapper\"><div class=\"fusion-title title\"><h3 class=\"title-heading-left\">Misi\u00f3n<\/h3><div class=\"title-sep-container\"><div class=\"title-sep sep-single\" style=\"border-color:#2b3a7f;\"><\/div><\/div><\/div>Satisfacer la demanda de infraestructura para telecomunicaciones mediante el desarrollo de espacios, en busca de reducir la brecha digital, con el fin de ofrecer soluciones integrales, \u00e1giles y eficientes que se ajusten a las necesidades del mercado y de nuestros clientes.<\/span><\/p>\n<p>Golden garantiza sus servicios con un alto grado de confiabilidad y calidad, brindando soluciones comprometidas con la conservaci\u00f3n del medio ambiente a trav\u00e9s de proyectos que minimizan el impacto visual.<span style=\"font-size: inherit;\"><\/div><\/div><div class=\"fusion-one-half one_half fusion-layout-column fusion-column last spacing-yes\"><div class=\"fusion-column-wrapper\"><div class=\"fusion-title title\"><h3 class=\"title-heading-left\">Visi\u00f3n<\/h3><div class=\"title-sep-container\"><div class=\"title-sep sep-single\" style=\"border-color:#2b3a7f;\"><\/div><\/div><\/div><\/span>Como miembro activo en la creciente industria de las telecomunicaciones, Golden brindar\u00e1 herramientas para el desarrollo de Costa Rica y el fortalecimiento de su econom\u00eda, ayud\u00e1ndola a posicionarse como pionera de la regi\u00f3n centroamericana, posicion\u00e1ndose en el mercado como la mejor opci\u00f3n en la instalaci\u00f3n de infraestructura, con un despliegue de m\u00e1s de 5.000 soluciones para el a\u00f1o 2031.<\/p>\n<p>Golden generar\u00e1 beneficios para sus clientes, accionistas empleados y comunidad, enmarcado por principios \u00e9ticos, con respeto por el medio ambiente y la legislaci\u00f3n.<\/div><\/div><div class=\"fusion-clearfix\"><\/div><div class=\"fusion-title title\"><h3 class=\"title-heading-left\">Pol\u00edtica Integrada de Gesti\u00f3n<\/h3><div class=\"title-sep-container\"><div class=\"title-sep sep-single\" style=\"border-color:#2b3a7f;\"><\/div><\/div><\/div>\n<ul>\n<li>Gestionar la prestaci\u00f3n de los servicios realizados por la organizaci\u00f3n a los clientes de forma eficaz y eficiente, dentro de un ciclo de vida que permita la mejora continua de los procesos implantados.<\/li>\n<li>Asegurar que los requisitos acordados mediante acuerdos de nivel de servicio con los clientes se cumplen y se mantienen.<\/li>\n<li>Asegurar que todos los servicios que se presten garanticen el cumplimiento de los plazos, la r\u00e1pida respuesta, una alta calidad y una gran satisfacci\u00f3n en el cliente.<\/li>\n<li>Garantizar una r\u00e1pida resoluci\u00f3n de incidencias y una alta satisfacci\u00f3n del cliente.<\/li>\n<li>Asegurar la m\u00e1xima calidad de los servicios prestados, cumpliendo con los plazos acordados y asignando los recursos humanos y materiales necesarios.<\/li>\n<li>Cumplir con los requisitos legales que afecten a nuestra actividad y con las normas, especificaciones y leyes que enmarquen el entorno de las telecomunicaciones.<\/li>\n<li>Buscar la mejora continua de nuestros Sistemas de Gesti\u00f3n, evaluando los distintos procesos mediante el establecimiento anual de objetivos, con sus metas y programas de gesti\u00f3n, y definiendo indicadores.<\/li>\n<li>Fomentar la comunicaci\u00f3n interna y externa, de tal manera que se garantice el conocimiento de las necesidades y expectativas de nuestros clientes y as\u00ed poder satisfacerlas.<\/li>\n<li>Fomentar la profesionalidad, especializaci\u00f3n y experiencia de nuestro personal, potenciando la formaci\u00f3n y actualizaci\u00f3n continua de sus conocimientos, teniendo un excelente ambiente motivacional y maximizar las capacidades de nuestro recurso humano<span style=\"font-size: inherit;\">.<\/span><\/li>\n<\/ul>\n","protected":false},"excerpt":{"rendered":"","protected":false},"author":38,"featured_media":0,"parent":0,"menu_order":1,"comment_status":"open","ping_status":"closed","template":"","meta":[],"_links":{"self":[{"href":"http:\/\/www.golden-c.com\/cr\/wp-json\/wp\/v2\/pages\/15"}],"collection":[{"href":"http:\/\/www.golden-c.com\/cr\/wp-json\/wp\/v2\/pages"}],"about":[{"href":"http:\/\/www.golden-c.com\/cr\/wp-json\/wp\/v2\/types\/page"}],"author":[{"embeddable":true,"href":"http:\/\/www.golden-c.com\/cr\/wp-json\/wp\/v2\/users\/38"}],"replies":[{"embeddable":true,"href":"http:\/\/www.golden-c.com\/cr\/wp-json\/wp\/v2\/comments?post=15"}],"version-history":[{"count":7,"href":"http:\/\/www.golden-c.com\/cr\/wp-json\/wp\/v2\/pages\/15\/revisions"}],"predecessor-version":[{"id":630,"href":"http:\/\/www.golden-c.com\/cr\/wp-json\/wp\/v2\/pages\/15\/revisions\/630"}],"wp:attachment":[{"href":"http:\/\/www.golden-c.com\/cr\/wp-json\/wp\/v2\/media?parent=15"}],"curies":[{"name":"wp","href":"https:\/\/api.w.org\/{rel}","templated":true}]}}