{"id":19,"date":"2015-02-19T16:20:54","date_gmt":"2015-02-19T16:20:54","guid":{"rendered":"http:\/\/www.golden-c.com\/?page_id=19"},"modified":"2021-05-27T20:13:29","modified_gmt":"2021-05-28T02:13:29","slug":"contactenos","status":"publish","type":"page","link":"http:\/\/www.golden-c.com\/cr\/contactenos\/","title":{"rendered":"Cont\u00e1ctenos"},"content":{"rendered":"<ul style=\"list-style-type: circle;\">\n<li style=\"text-align: right;\"><span style=\"color: #333399;\"><a style=\"color: #333399;\" href=\"http:\/\/www.golden-c.com\/politica_datos\/\"><b><span lang=\"ES-CO\">Pol\u00edtica General de Privacidad y Protecci\u00f3n de Datos<\/span><\/b><\/a><\/span><\/li>\n<li style=\"text-align: right;\"><span style=\"color: #333399;\"><a style=\"color: #333399;\" href=\"http:\/\/www.golden-c.com\/tyc\/\"><strong>T\u00e9rminos\u00a0de uso de la Pagina WEB<\/strong><\/a><\/span><\/li>\n<\/ul>\n<p style=\"text-align: right;\">\n","protected":false},"excerpt":{"rendered":"<p>Pol\u00edtica General de Privacidad y Protecci\u00f3n de Datos T\u00e9rminos\u00a0de uso de la Pagina WEB<\/p>\n","protected":false},"author":38,"featured_media":0,"parent":0,"menu_order":9,"comment_status":"open","ping_status":"closed","template":"contact.php","meta":[],"_links":{"self":[{"href":"http:\/\/www.golden-c.com\/cr\/wp-json\/wp\/v2\/pages\/19"}],"collection":[{"href":"http:\/\/www.golden-c.com\/cr\/wp-json\/wp\/v2\/pages"}],"about":[{"href":"http:\/\/www.golden-c.com\/cr\/wp-json\/wp\/v2\/types\/page"}],"author":[{"embeddable":true,"href":"http:\/\/www.golden-c.com\/cr\/wp-json\/wp\/v2\/users\/38"}],"replies":[{"embeddable":true,"href":"http:\/\/www.golden-c.com\/cr\/wp-json\/wp\/v2\/comments?post=19"}],"version-history":[{"count":3,"href":"http:\/\/www.golden-c.com\/cr\/wp-json\/wp\/v2\/pages\/19\/revisions"}],"predecessor-version":[{"id":386,"href":"http:\/\/www.golden-c.com\/cr\/wp-json\/wp\/v2\/pages\/19\/revisions\/386"}],"wp:attachment":[{"href":"http:\/\/www.golden-c.com\/cr\/wp-json\/wp\/v2\/media?parent=19"}],"curies":[{"name":"wp","href":"https:\/\/api.w.org\/{rel}","templated":true}]}}