{"id":323,"date":"2016-04-08T14:22:48","date_gmt":"2016-04-08T14:22:48","guid":{"rendered":"http:\/\/www.golden-c.com\/?page_id=323"},"modified":"2016-05-27T14:41:36","modified_gmt":"2016-05-27T14:41:36","slug":"noticias","status":"publish","type":"page","link":"http:\/\/www.golden-c.com\/cr\/noticias\/","title":{"rendered":"Noticias"},"content":{"rendered":"<div class=\"fusion-fullwidth fullwidth-box\" style=\"background-attachment:scroll;background-position:left top;background-repeat:no-repeat;-webkit-background-size:cover;-moz-background-size:cover;-o-background-size:cover;background-size:cover;border-color:#eae9e9;border-bottom-width: 0px;border-top-width: 0px;border-bottom-style: solid;border-top-style: solid;padding-bottom:20px;padding-left:0px;padding-right:0px;padding-top:20px;\"><div class=\"avada-row\"><div class=\"fusion-title title\"><h1 class=\"title-heading-left\">HOY EN GOLDEN<\/h1><div class=\"title-sep-container\"><div class=\"title-sep sep-single\"><\/div><\/div><\/div><div class=\"fusion-five-sixth fusion-layout-column fusion-column last spacing-yes\"><div class=\"fusion-column-wrapper\">\n<h2>Las firmas del pa\u00eds que van tras nuevos due\u00f1os y socios<\/h2>\n<pre>Hay reacomodos y venta de activos en telecomunicaciones, medios, oro, industria y equipos.<\/pre>\n<p>Por:\u00a0 ROLANDO LOZANO GARZ\u00d3N\u00a0|<\/p>\n<p><time datetime=\"4:44 p.m. | 21 de abril de 2016\"> 4:44 p.m. | 21 de abril de 2016<\/time><\/p>\n<p>La desaceleraci\u00f3n de la econom\u00eda nacional y regional no desanima a varios emprendimientos y firmas medianas en el inter\u00e9s de buscar financiamientos, alianzas, socios y expandir en general sus negocios.<\/p>\n<p>En el sector de servicios tecnol\u00f3gicos, se anunci\u00f3 que los suscriptores de Supercable Telecomunicaciones (Colombia) -empresa que se encuentra en liquidaci\u00f3n judicial- pasar\u00e1n a las firmas Compa\u00f1\u00eda Comercializadora de Veh\u00edculos y Back to the Harbour.<\/p>\n<div id=\"videoread\"><\/div>\n<div id=\"pauta_parallax\"><\/div>\n<p>A su vez, <strong>estas compa\u00f1\u00edas cedieron a Cable Bello Televisi\u00f3n -uno de los operadores autorizados por la Autoridad Nacional de Televisi\u00f3n- la distribuci\u00f3n de los servicios de televisi\u00f3n por suscripci\u00f3n<\/strong>, telefon\u00eda sobre IP e internet que presta Supercable a nivel local.<\/p>\n<div id=\"pauta_inReadB\"><\/div>\n<p>En el sector de medios masivos, la firma Comunicadores de Risaralda, que tiene como objeto principal la edici\u00f3n de \u2018La Tarde\u2019, de Pereira, y el Grupo de Medios de Risaralda, que explota la franquicia de peri\u00f3dico Q\u2019hubo, iniciaron los tr\u00e1mites para vender sus activos, a la compa\u00f1\u00eda R.R. Editores Ram\u00edrez y Ram\u00edrez.<\/p>\n<p>Esta compa\u00f1\u00eda edita y publica \u2018El Diario del Ot\u00fan\u2019, que tambi\u00e9n circula desde el departamento de Risaralda.<\/p>\n<p>Entre tanto, Innova Capital Partners (Innova) y The Goldman Sachs Group anunciaron un financiamiento para la empresa colombiana Golden Comunicaciones, que dise\u00f1a y construye torres de telefon\u00eda m\u00f3vil.<\/p>\n<p>En el sector crediticio, la Fiduciaria Davivienda, filial del Banco Davivienda, inici\u00f3 los tr\u00e1mites para adquirir a Seguridad Compa\u00f1\u00eda Administradora de Fondos de Inversi\u00f3n S. A.<\/p>\n<p><strong>Mientras que en el de minas se conoci\u00f3 que la empresa canadiense Newlox Gold Ventures adquiri\u00f3 los activos de Cordillera Gold.<\/strong> Esta firma, a trav\u00e9s de la filial Cordillera Gold S.A.S. (Colombia), explota oro en el municipio de Segovia (Antioquia).<\/p>\n<p>Tambi\u00e9n la firma peruana Empresa Minera los Quinales (EMLQ) anunci\u00f3 que inici\u00f3 los tr\u00e1mites para tomar el control indirecto de Exploraciones Pantanos Colombia S.A., a trav\u00e9s de la empresa Dowea S.A., una de sus filiales con presencia en el pa\u00eds que se enfoca en extracci\u00f3n de minerales no ferrosos.<\/p>\n<p>As\u00ed las cosas, Exploraciones Pantanos Colombia, que est\u00e1 bajo control accionario indirecto de la multinacional sudafricana AngloGold Ashanti Limited y es representada por Pantanos Holdings, pasar\u00e1n a manos de EMLQ mediante una emisi\u00f3n de acciones.<\/p>\n<p>La empresa australiana Metminco Limited anunci\u00f3 que prev\u00e9 completar en mayo la adquisici\u00f3n del Seafield S.A.S, firma due\u00f1a de la concesi\u00f3n de oro \u2018Quinch\u00eda\u2019, en Colombia.<\/p>\n<p><strong>Igualmente, se preseleccionaron tres empresas de ingenier\u00eda para completar el estudio de viabilidad, que inici\u00f3 en el 2013 Seafield con el fin de desarrollar el proyecto \u2018Miraflores\u2019.<\/strong><\/p>\n<p>El director general de Metminco, William Howe, dijo que los trabajos de campo se iniciar\u00e1n una vez se concrete el acuerdo de venta con los socios de Seafield.<\/p>\n<p>Miraflores es el dep\u00f3sito central de la concesi\u00f3n Quinch\u00eda y tiene un potencial de 1,88 millones de onzas de oro y 3,8 millones de plata. El objetivo es una producci\u00f3n anual de unas 55.000 onzas.<\/p>\n<p>En la industria manufacturera, la multinacional australiana Amcor Holdings (Australia) compr\u00f3 a la compa\u00f1\u00eda chilena Alusa, y pas\u00f3 a controlar, entre otras firmas, a la colombiana Empaques Flexa.<\/p>\n<p>Amcor ya tiene plantas para producir empaques y pl\u00e1sticos r\u00edgidos en nuestro pa\u00eds, y al combinar sus ventas con las de Empaques Flexa resulta un negocio con una facturaci\u00f3n anual de 260.000 millones de pesos.<\/p>\n<p>Los vendedores de las acciones de Alusa Chile fueron la firma TechPack de Chile y el fondo Nexus Group.<\/p>\n<p>Amcor Holdings es por su lado el principal productor de envases del mundo, en tanto que Alusa es l\u00edder en envases flexibles de Am\u00e9rica Latina. Igualmente, tiene cuatro plantas y una capacidad instalada de unas 80.000 mil toneladas anuales en Latinoam\u00e9rica.<\/p>\n<p><strong>Respecto a las multilatinas del pa\u00eds, se anunci\u00f3 que la firma Metro Hotels compr\u00f3 a Banmerchant un proyecto en Antofagasta (Chile), por 11 millones de d\u00f3lares.<\/strong><\/p>\n<p>La firma colombiana desarrollar\u00e1 un negocio de hotel bajo la franquicia de la marca Hampton by Hilton, seg\u00fan revel\u00f3 el diario \u2018El Mercurio\u2019.<\/p>\n<p>Caso contrario ocurri\u00f3 con un acuerdo de la firma canadiense Fura Emeralds con la colombiana Zuliana de Esmeraldas Ltda., para operar la mina La Pita, en el departamento de Boyac\u00e1, que no se concret\u00f3 debido a dificultades que no se revelaron.<\/p>\n<p class=\"intertitulo\">Inversi\u00f3n en ca\u00edda<\/p>\n<p>Cabe recordar que en el primer trimestre, la inversi\u00f3n extranjera directa (IED) sum\u00f3 2.150 millones de d\u00f3lares, con una ca\u00edda de 37,2 por ciento respecto a igual periodo del 2015.<\/p>\n<p>El desplome se debi\u00f3 precisamente a la menor entrada de recursos dirigidos a petr\u00f3leo y minas, que descendieron 56 por ciento, a 1.207 millones de d\u00f3lares.<\/p>\n<p>La ca\u00edda de la IED en crudo y minas a su vez se origina en los bajos precios internacionales de las materias primas, lo que a su vez causa el aplazamiento o cancelaci\u00f3n de iniciativas empresariales en esos sectores.<\/p>\n<p>En actividades econ\u00f3micas distintas a petr\u00f3leo y minas, por el contrario, la IED subi\u00f3 el 37 por ciento, a 943 millones de d\u00f3lares, tambi\u00e9n en los tres primeros meses del 2016.<\/p>\n<p class=\"intertitulo\">M\u00e1s transacciones<\/p>\n<p>Boris Ram\u00edrez Barrera, analista de la banca de inversi\u00f3n de la firma Bancapital, dice que no observan desaceleraci\u00f3n de las movidas empresariales este a\u00f1o, pues hay, entre otros emprendimientos y firmas buscando aliados, financiaci\u00f3n, fusiones y adquisiciones, ya sea para ampliarse en el mercado local o abrir operaciones.<\/p>\n<p><strong>\u201cLos recursos de los fondos de capital, sin embargo, no son ilimitados y las empresas deben estructurar planes de negocios fuertes para que decidan apoyarlas r\u00e1pidamente\u201d, explica.<\/strong><\/p>\n<p>Algo similar considera Daniela Calleja Mart\u00ednez, directora del fondo de capital privado Mountain Nazca, quien dijo que Colombia es uno de los principales mercados en cuanto a emprendimientos (firmas en edad temprana) en la regi\u00f3n. Por ello, decidieron abrir oficina en Bogot\u00e1 y analizar la compra de participaciones minoritarias de compa\u00f1\u00edas y proyectos.<\/p>\n<p>\u201cEl pa\u00eds tambi\u00e9n tiene un buen mercado y desarrollo tecnol\u00f3gico, que son otras condiciones pa\u00eds claves para los fondos de capital\u201d, agreg\u00f3 la directiva.<\/p>\n<p>Entre las inversiones del fondo de capital en Colombia est\u00e1 Platzi, una plataforma de cursos interactivos de programaci\u00f3n inform\u00e1tica, mercadeo digital, dise\u00f1o y emprendimiento.<\/p>\n<p>La jefa para Am\u00e9rica Latina de Innova, la firma que financi\u00f3 a Golden Comunicaciones, Patricia Rodr\u00edguez, asever\u00f3 que Colombia es muy importante porque ofrece oportunidades \u00fanicas de crecimiento en telecomunicaciones.<\/p>\n<p>\u201cLa positiva din\u00e1mica que registraron las cifras de creaci\u00f3n de sociedades en el primer trimestre refleja que <strong>emprendedores e inversionistas est\u00e1n haciendo la tarea, para aprovechar las oportunidades que se est\u00e1n generando en el mercado interno<\/strong> y en el externo por la devaluaci\u00f3n del d\u00f3lar, as\u00ed como las mayores inversiones p\u00fablicas y privadas que se est\u00e1n suscitando en sectores donde se est\u00e1 incrementando la actividad productiva como son comercio, industria y construcci\u00f3n\u00bb, afirm\u00f3 por su parte el presidente de la Confederaci\u00f3n de C\u00e1maras de Comercio de Colombia (Confec\u00e1maras), Juli\u00e1n Dom\u00ednguez Rivera.<\/p>\n<p>Tras una ca\u00edda de 12,5 por ciento en el 2015, frente al 2014, en el primer trimestre se constituyeron en el pa\u00eds 20.925 firmas, con un aumento del 20,7 por ciento, contra igual lapso del 2015.<\/p>\n<p>ROLANDO LOZANO GARZ\u00d3N<br \/>\nECONOM\u00cdA Y NEGOCIOS<\/p>\n<p>V\u00eda:\u00a0<a href=\"http:\/\/www.eltiempo.com\/economia\/empresas\/los-nuevos-negocios-empesariales-que-vienen\/16569595\" target=\"_blank\">www.eltiempo.com<\/a><\/div><\/div><div class=\"fusion-clearfix\"><\/div><div class=\"fusion-five-sixth fusion-layout-column fusion-column last spacing-yes\"><div class=\"fusion-column-wrapper\">\n<h2>Inversi\u00f3n extranjera a empresa colombiana<\/h2>\n<p><em>POR JUAN FELIPE SIERRA SU\u00c1REZ | PUBLICADO EL 07 DE ABRIL DE 2016<\/em><\/p>\n<p>Innova Capital Partners, LLC (Innova) y una subsidiaria de The Goldman Sachs Group (GS) anunciaron una alianza entre ellos para desarrollar activos de telecomunicaciones en Colombia.<\/p>\n<p>Puntualmente, se financiar\u00e1 a la empresa colombiana Golden Comunicaciones, que dise\u00f1a y desarrolla infraestructura m\u00f3vil, espec\u00edficamente con la construcci\u00f3n de torres de telefon\u00eda celular.<\/p>\n<p>La compa\u00f1\u00eda colombiana hace parte del programa de desarrollo de Am\u00e9rica Latina de Innova, algo vital que \u201cnos permitir\u00e1 lograr nuestros planes de expansi\u00f3n en infraestructura m\u00f3vil en la regi\u00f3n\u201d, manifest\u00f3 <i>Mukesh Prasad,<\/i> socio director de Innova.<\/p>\n<p>Por su parte, <i>Patricia Rodr\u00edguez<\/i>, ejecutiva a cargo del \u00e1rea de Desarrollo de Am\u00e9rica Latina para Innova, manifest\u00f3 que Colombia para ellos es muy importante, porque \u201cofrece una oportunidad \u00fanica de crecimiento en el sector de las telecomunicaciones, entre otras industrias, as\u00ed como las oportunidades que ofrece en la regi\u00f3n latinoamericana\u201d.<\/p>\n<p>Aunque no se mencion\u00f3 el monto exacto del costo de esta alianza (joint venture), <i>Herm\u00e1n Torres<\/i>, presidente de Golden, la empresa colombiana beneficiada, aclar\u00f3 que la inversi\u00f3n internacional realizada \u201cnos permitir\u00e1 reducir la brecha digital que existe en nuestro pa\u00eds, as\u00ed como mejorar nuestra red actual\u201d.<\/p>\n<p>via:\u00a0<a href=\"http:\/\/www.elcolombiano.com\/negocios\/inversion-extranjera-a-empresa-colombiana-XH3898635\" target=\"_blank\">www.elcolombiano.com<\/a><\/p>\n<p>v\u00eda: \u00a0<a href=\"http:\/\/gerente.simianlab.com\/co\/rss-article\/inversion-extranjera-a-empresa-colombiana\/\" target=\"_blank\">http:\/\/gerente.simianlab.com<\/a><\/p>\n<p>V\u00eda:\u00a0<a href=\"http:\/\/www.btreport.net\">www.btreport.net<\/a><\/p>\n<p>V\u00eda:\u00a0<a href=\"http:\/\/www.revistavirtualpro.com\">www.revistavirtualpro.com<\/a><\/div><\/div><div class=\"fusion-clearfix\"><\/div><div class=\"fusion-five-sixth fusion-layout-column fusion-column last spacing-yes\"><div class=\"fusion-column-wrapper\">\n<h2 class=\"entry-title\">Colombia pide a otros cinco municipios revisar regulaci\u00f3n para la instalaci\u00f3n de infraestructura<\/h2>\n<p class=\"entry-title\">Por TeleSemana<\/p>\n<p class=\"entry-title\">23 May, 2016<\/p>\n<p>El Ministerio de Tecnolog\u00edas de la Informaci\u00f3n y las Comunicaciones (Mintic) comunic\u00f3 que se ha pedido a las alcald\u00edas de otros cinco municipios el pa\u00eds revisar sus planes de Ordenamiento Territorial en temas de barreras a la instalaci\u00f3n de infraestructura de telecomunicaciones.<\/p>\n<p>De acuerdo con el Mintic, la Comisi\u00f3n de Regulaci\u00f3n de las Comunicaciones (CRC) identific\u00f3 que los municipios de Ch\u00eda, Cota y Zipaquir\u00e1 (Cundinamarca), Floridablanca (Santander) y Sabanalarga (Atl\u00e1ntico) exigen requisitos adicionales para habilitar la instalaci\u00f3n de antenas de telecomunicaciones como generaci\u00f3n de mapas electromagn\u00e9ticos, simulaci\u00f3n gr\u00e1fica de impacto visual o amplios aislamientos a predios vecinos y a otras estaciones de telecomunicaciones.<\/p>\n<p>A la fecha, ya son 27 los municipios y ciudades en el pa\u00eds que el regulador ha instado a ajustar sus normativas para el despliegue de infraestructura de telecomunicaciones.<\/p>\n<p>Mintic se\u00f1al\u00f3, adicionalmente, que las municipalidades de Cali, C\u00facuta, Ibagu\u00e9, Sincelejo, Popay\u00e1n, Ci\u00e9naga, Corozal, Lorica y Planeta Rica, volver\u00e1n a recibir notificaci\u00f3n con las especificaciones de los aspectos que deben revisar con copia a la Procuradur\u00eda General de la Naci\u00f3n, debido a que han pasado los 30 d\u00edas h\u00e1biles despu\u00e9s del env\u00edo del concepto y no han presentado las alternativas de mejora.<\/p>\n<p class=\"entry-title\">V\u00eda:\u00a0<a href=\"http:\/\/www.telesemana.com\">www.telesemana.com<\/a><\/p>\n<\/div><\/div><div class=\"fusion-clearfix\"><\/div><div class=\"fusion-five-sixth fusion-layout-column fusion-column last spacing-yes\"><div class=\"fusion-column-wrapper\">\n<h2>Entrevista Colmundo Radio Bogot\u00e1<\/h2>\n<p><!--[if lt IE 9]><script>document.createElement('audio');<\/script><![endif]-->\n<audio class=\"wp-audio-shortcode\" id=\"audio-323-1\" preload=\"none\" style=\"width: 100%;\" controls=\"controls\"><source type=\"audio\/mpeg\" src=\"http:\/\/www.golden-c.com\/wp-content\/uploads\/ENTREVISTA-COLMUNDO-2.mp3?_=1\" \/><a href=\"http:\/\/www.golden-c.com\/wp-content\/uploads\/ENTREVISTA-COLMUNDO-2.mp3\">http:\/\/www.golden-c.com\/wp-content\/uploads\/ENTREVISTA-COLMUNDO-2.mp3<\/a><\/audio><\/p>\n<\/div><\/div><div class=\"fusion-clearfix\"><\/div><div class=\"fusion-five-sixth fusion-layout-column fusion-column last spacing-yes\"><div class=\"fusion-column-wrapper\">\n<header>\n<h2 id=\"p_p_id_contentviewerportlet_WAR_newsportlet_INSTANCE_17e196ab88ae48d0b1cdd4d8e2495e4a_\" class=\"portlet-boundary portlet-boundary_contentviewerportlet_WAR_newsportlet_ portlet-static portlet-static-end content-viewer-portlet encabezado-articulo\">ENTREVISTA RCN LA RADIO<\/h2>\n<div class=\"portlet-boundary portlet-boundary_contentviewerportlet_WAR_newsportlet_ portlet-static portlet-static-end content-viewer-portlet encabezado-articulo\"><\/div>\n<p><audio class=\"wp-audio-shortcode\" id=\"audio-323-2\" preload=\"none\" style=\"width: 100%;\" controls=\"controls\"><source type=\"audio\/mpeg\" src=\"http:\/\/www.golden-c.com\/wp-content\/uploads\/ENTREVISTA-ANTENAS-TELEFONIA-.mp3?_=2\" \/><a href=\"http:\/\/www.golden-c.com\/wp-content\/uploads\/ENTREVISTA-ANTENAS-TELEFONIA-.mp3\">http:\/\/www.golden-c.com\/wp-content\/uploads\/ENTREVISTA-ANTENAS-TELEFONIA-.mp3<\/a><\/audio><\/p>\n<div id=\"p_p_id_htmlcontainerportlet_WAR_newsportlet_INSTANCE_6f1dc1ba2de4445eac9219704595ba47_\" class=\"portlet-boundary portlet-boundary_htmlcontainerportlet_WAR_newsportlet_ portlet-static portlet-static-end htmlcontainer-portlet mT15\"><\/div>\n<\/header>\n<\/div><\/div><div class=\"fusion-clearfix\"><\/div><\/div><\/div>\n","protected":false},"excerpt":{"rendered":"","protected":false},"author":2,"featured_media":0,"parent":0,"menu_order":0,"comment_status":"closed","ping_status":"closed","template":"","meta":[],"_links":{"self":[{"href":"http:\/\/www.golden-c.com\/cr\/wp-json\/wp\/v2\/pages\/323"}],"collection":[{"href":"http:\/\/www.golden-c.com\/cr\/wp-json\/wp\/v2\/pages"}],"about":[{"href":"http:\/\/www.golden-c.com\/cr\/wp-json\/wp\/v2\/types\/page"}],"author":[{"embeddable":true,"href":"http:\/\/www.golden-c.com\/cr\/wp-json\/wp\/v2\/users\/2"}],"replies":[{"embeddable":true,"href":"http:\/\/www.golden-c.com\/cr\/wp-json\/wp\/v2\/comments?post=323"}],"version-history":[{"count":18,"href":"http:\/\/www.golden-c.com\/cr\/wp-json\/wp\/v2\/pages\/323\/revisions"}],"predecessor-version":[{"id":619,"href":"http:\/\/www.golden-c.com\/cr\/wp-json\/wp\/v2\/pages\/323\/revisions\/619"}],"wp:attachment":[{"href":"http:\/\/www.golden-c.com\/cr\/wp-json\/wp\/v2\/media?parent=323"}],"curies":[{"name":"wp","href":"https:\/\/api.w.org\/{rel}","templated":true}]}}