{"id":358,"date":"2018-06-28T20:32:24","date_gmt":"2018-06-28T20:32:24","guid":{"rendered":"http:\/\/www.golden-c.com\/?page_id=358"},"modified":"2018-06-28T20:41:33","modified_gmt":"2018-06-28T20:41:33","slug":"politica_datos","status":"publish","type":"page","link":"http:\/\/www.golden-c.com\/cr\/politica_datos\/","title":{"rendered":"Pol\u00edtica General de Privacidad y Protecci\u00f3n de Datos"},"content":{"rendered":"<ol>\n<li style=\"text-align: justify;\"><strong>Introducci\u00f3n\u00a0<\/strong>GOLDEN COMUNICACIONES SAS (en adelante, GOLDEN COMUNICACIONES), sociedad comercial constituida en la Rep\u00fablica de Colombia, con domicilio principal en la Carrera 50 No. 100 \u2013 62 Oficina 503 Edificio Pasadena 100 de la ciudad de Bogot\u00e1, con tel\u00e9fono: +57 1 466 16 52, es responsable de la informaci\u00f3n y datos personales de sus clientes y terceros vinculados, compuestos por los proveedores de servicios y funcionarios.\u00a0Para GOLDEN COMUNICACIONES es fundamental establecer directrices que brinden seguridad, privacidad y confidencialidad de los datos personales de sus clientes y terceros vinculados, y de esta manera dar cumplimiento a los mandatos constitucionales y legales sobre la materia.<\/li>\n<\/ol>\n<ol style=\"text-align: justify;\" start=\"2\">\n<li><strong> Marco Jur\u00eddico.-<\/strong>El siguiente es el marco jur\u00eddico que regula el tratamiento de datos personales en Colombia:<\/li>\n<li>Constituci\u00f3n Pol\u00edtica de Colombia, art\u00edculo 15; b. Ley 1266 de 2008; c. Ley 1581 de 2012; d. Decreto 1727 de 2009; e. Decreto 2952 de 2010; f. Decreto 1377 de 2013; g. Decreto \u00danico Reglamentario del sector Comercio, Industria y Turismo; h. Sentencias de la Corte Constitucional C-1011 de 2008, y C-748 del 2011; i. Cualquier norma que derogue, complemente, modifique o adicione la legislaci\u00f3n vigente en materia del ejercicio del derecho de Habeas Data.<\/li>\n<li><strong> Tratamiento de los datos personales.-<\/strong>Definiciones. Se entiende por \u201cTratamiento\u201d cualquier operaci\u00f3n o conjunto de operaciones sobre datos personales, tales como su recolecci\u00f3n, almacenamiento, uso, circulaci\u00f3n o supresi\u00f3n. Para GOLDEN COMUNICACIONES, es necesario la recolecci\u00f3n de ciertos datos personales para llevar a cabo las actividades intr\u00ednsecas al giro de su actividad comercial. GOLDEN COMUNICACIONES solicita a sus clientes la autorizaci\u00f3n para que permitan que toda la informaci\u00f3n o datos personales entregados puedan ser objeto de disposici\u00f3n, uso, circulaci\u00f3n, actualizaci\u00f3n, procesamiento, almacenamiento, recolecci\u00f3n, exclusi\u00f3n, intercambio o compilaci\u00f3n para el tratamiento de la informaci\u00f3n o datos personales con el fin de poder realizar sus actividades, tal como se describe en este documento. Con el fin de brindar seguridad a las bases de datos, la informaci\u00f3n se manejara de forma completa, exacta, actualizada, comprobable y comprensible, con las medidas t\u00e9cnicas, humanas y administrativas que sean necesarias y est\u00e9n a nuestro alcance para preservar la integridad y seguridad de la misma.<\/li>\n<li><strong> Objetivo.-<\/strong>Conforme a lo establecido en el art\u00edculo 3 de la Ley 1581 de 2012, los datos personales o informaci\u00f3n que sean recolectados por GOLDEN COMUNICACIONES ser\u00e1n utilizados para 1) procesar, confirmar, cumplir y proveer sus servicios, 2) Promocionar y publicitar sus actividades y servicios; 3) para fines internos o comerciales, tales como, investigaci\u00f3n de mercados, auditor\u00edas, reportes contables, an\u00e1lisis estad\u00edsticos y facturaci\u00f3n; 4) Compartirla con terceros que colaboran con la entidad, los cuales que para el cumplimiento de sus funciones deben acceder en alguna medida a la informaci\u00f3n. Los terceros que por raz\u00f3n de sus funciones deban acceder a la informaci\u00f3n estar\u00e1n igualmente sujetos a las mismas obligaciones de confidencialidad en el manejo de la informaci\u00f3n y protecci\u00f3n de datos personales a los que est\u00e1 sujeta GOLDEN COMUNICACIONES. Al aceptar esta Pol\u00edtica General de Privacidad y Protecci\u00f3n de Datos, nuestros clientes, en su calidad de titulares de los datos recolectados, autorizan a que GOLDEN COMUNICACIONES realice el tratamiento de los mismos, de forma parcial o total, incluyendo la recolecci\u00f3n, almacenamiento, grabaci\u00f3n, uso, circulaci\u00f3n, procesamiento o supresi\u00f3n, para la ejecuci\u00f3n de las actividades relacionadas con los servicios prestados por la empresa;<\/li>\n<li><strong>Principios Rectores<\/strong>.- Para el manejo de la informaci\u00f3n personal de nuestros clientes se dar\u00e1 aplicaci\u00f3n de los siguientes principios rectores contemplados en la normatividad vigente: a. Legalidad en materia de Tratamiento de datos. b. Finalidad. c. Libertad. d. Veracidad o calidad. e. Transparencia. f. Acceso y circulaci\u00f3n restringida. g. Seguridad. h. Confidencialidad.<\/li>\n<li><strong>Derechos de los titulares de los datos personales.-<\/strong>Nuestros clientes tienen el derecho a acceder a los datos personales que se encuentran bajo nuestro control y a ejercer los derechos que les asisten como titulares de los mismos, en los t\u00e9rminos de las normas de protecci\u00f3n de datos que les sean aplicables y conforme lo establecido en la presente Pol\u00edtica General de Privacidad y Protecci\u00f3n de Datos. Nuestros clientes tambi\u00e9n tienen derecho a consultar y conocer los detalles del tratamiento de los datos personales que realizamos, as\u00ed como a rectificarlos en caso de ser inexactos o incompletos y a cancelarlos cuando no est\u00e9n siendo utilizados conforme a finalidades y t\u00e9rminos legales o contractuales o seg\u00fan las finalidades y t\u00e9rminos contemplados en \u00e9sta Pol\u00edtica General de Privacidad y Protecci\u00f3n de Datos. El derecho de suprimir los datos personales de nuestros clientes, al igual que el de revocar la autorizaci\u00f3n del uso de sus datos personales, est\u00e1n circunscritos a las obligaciones contractuales que han adquirido con GOLDEN COMUNICACIONES de preservar dichos datos personales dentro de la base de datos de GOLDEN COMUNICACIONES.<\/li>\n<li><strong>Responsable del tratamiento de la informaci\u00f3n y los datos personales<\/strong>.- GOLDEN COMUNICACIONES SAS es la persona jur\u00eddica responsable del tratamiento de la informaci\u00f3n y los datos personales de sus clientes. En GOLDEN COMUNICACIONES el \u00e1rea responsable de salvaguardar el ejercicio de los derechos de nuestros clientes asociados con sus datos personales es la Gerencia General, a cargo de nuestro representante legal, quien puede ser contactado en: info@golden-c.com.<\/li>\n<li><strong>Procedimiento para que los titulares de la informaci\u00f3n puedan ejercer sus derechos. &#8211;<\/strong>Todo cliente y titular de la informaci\u00f3n y datos personales podr\u00e1 ejercer sus derechos comunic\u00e1ndose con GOLDEN COMUNICACIONES S.A.S. a trav\u00e9s de los siguientes medios:\u00a0Comunicaci\u00f3n escrita radicada en la sede principal. o al correos: info@golden-c.com con los siguientes datos: El nombre del titular de la informaci\u00f3n, identificaci\u00f3n de documento de identidad, tel\u00e9fono fijo o celular, correo electr\u00f3nico.<\/li>\n<li><strong>Procedimiento para el adecuado tratamiento de los datos personales<\/strong>. GOLDEN COMUNICACIONES, tendr\u00e1 presente, en todo momento, que los datos personales son propiedad de las personas a las que se refieren y que s\u00f3lo ellas pueden decidir sobre los mismos. En este sentido, har\u00e1 uso de ellos s\u00f3lo para aquellas finalidades descritas en la presente Pol\u00edtica General de Privacidad y Protecci\u00f3n de Datos y para las cuales se encuentra facultada la organizaci\u00f3n, respetando en todo caso la normatividad vigente sobre protecci\u00f3n de datos personales. <strong>a. Acceso o consulta:<\/strong>GOLDEN COMUNICACIONES garantizar\u00e1 el derecho de acceso, previa acreditaci\u00f3n de la identidad del titular, legitimidad, o personalidad de su representante. La solicitud de rectificaci\u00f3n, actualizaci\u00f3n o supresi\u00f3n debe ser presentada a trav\u00e9s de los medios habilitados por GOLDEN COMUNICACIONES descritos en el numeral 8\u00ba de la presente, adicionando la siguiente informaci\u00f3n: \u00a7Los documentos que acrediten la identidad o la personalidad de su representante. \u00a7La descripci\u00f3n clara y precisa de los datos personales respecto de los cuales el titular busca ejercer alguno de los derechos. \u00a7Cualquier otro elemento o documento que faciliten la localizaci\u00f3n de los datos personales. En cualquier caso, independientemente del mecanismo implementado para la atenci\u00f3n de solicitudes de consulta, las mismas ser\u00e1n atendidas en un t\u00e9rmino m\u00e1ximo de diez (10) d\u00edas h\u00e1biles contados a partir de la fecha de su recibo. Cuando no fuere posible atender la consulta dentro de dicho t\u00e9rmino, se informar\u00e1 al interesado antes del vencimiento de los 10 d\u00edas, expresando los motivos de la demora y se\u00f1alando la fecha en que se atender\u00e1 su consulta, la cual en ning\u00fan caso podr\u00e1 superar los cinco (5) d\u00edas h\u00e1biles siguientes al vencimiento del primer plazo. <strong>b. Reclamos: <\/strong>El Titular o sus causahabientes que consideren que la informaci\u00f3n contenida en una base de datos debe ser objeto de correcci\u00f3n, actualizaci\u00f3n o supresi\u00f3n, o cuando adviertan el presunto incumplimiento de cualquiera de los deberes contenidos en la Ley, podr\u00e1n presentar un reclamo ante el Responsable del Tratamiento, canaliz\u00e1ndola y remiti\u00e9ndola a trav\u00e9s de cualquier de los medios descritos en el numeral 8\u00ba de la presente pol\u00edtica. El reclamo lo podr\u00e1 presentar el Titular, teniendo en cuenta las reglas y directrices se\u00f1aladas en el art\u00edculo 15 de la Ley 1581 de 2012 y en el Decreto 1377 de 2013, y dem\u00e1s normas que los modifiquen, complementen o adicionen, siendo los requisitos establecidos los siguientes: &#8211; El reclamo se formular\u00e1 mediante solicitud dirigida al Responsable del Tratamiento o al Encargado del Tratamiento, con la identificaci\u00f3n del Titular, la descripci\u00f3n de los hechos que dan lugar al reclamo, la direcci\u00f3n, y acompa\u00f1ando los documentos que se quiera hacer valer. Si el reclamo resulta incompleto, se requerir\u00e1 al interesado dentro de los cinco (5) d\u00edas siguientes a la recepci\u00f3n del reclamo para que subsane las fallas. Transcurridos dos (2) meses desde la fecha del requerimiento, sin que el solicitante presente la informaci\u00f3n requerida, se entender\u00e1 que ha desistido del reclamo. &#8211; En caso de que quien reciba el reclamo no sea competente para resolverlo, dar\u00e1 traslado a quien corresponda en un t\u00e9rmino m\u00e1ximo de dos (2) d\u00edas h\u00e1biles e informar\u00e1 de la situaci\u00f3n al interesado. &#8211; Una vez recibido el reclamo completo, se incluir\u00e1 en la base de datos una leyenda que diga \u00abreclamo en tr\u00e1mite\u00bb y el motivo del mismo, en un t\u00e9rmino no mayor a dos (2) d\u00edas h\u00e1biles. Dicha leyenda deber\u00e1 mantenerse hasta que el reclamo sea decidido. &#8211; El t\u00e9rmino m\u00e1ximo para atender el reclamo ser\u00e1 de quince (15) d\u00edas h\u00e1biles contados a partir del d\u00eda siguiente a la fecha de su recibo. Cuando no fuere posible atender el reclamo dentro de dicho t\u00e9rmino, se informar\u00e1 al interesado los motivos de la demora y la fecha en que se atender\u00e1 su reclamo, la cual en ning\u00fan caso podr\u00e1 superar los ocho (8) d\u00edas h\u00e1biles siguientes al vencimiento del primer t\u00e9rmino. En cualquier momento el titular o su representante podr\u00e1n solicitar a personal de GOLDEN COMUNICACIONES, la rectificaci\u00f3n, actualizaci\u00f3n o supresi\u00f3n de sus datos personales, previa acreditaci\u00f3n de su identidad. Los derechos de rectificaci\u00f3n, actualizaci\u00f3n o supresi\u00f3n \u00fanicamente se podr\u00e1n ejercer por: &#8211; El titular o sus causahabientes, previa acreditaci\u00f3n de su identidad, o a trav\u00e9s de instrumentos electr\u00f3nicos que le permitan identificarse. &#8211; Su representante, previa acreditaci\u00f3n de la representaci\u00f3n. Cuando la solicitud sea formulada por persona distinta del titular, deber\u00e1 acreditarse en debida forma la personer\u00eda o mandato para actuar; y en caso de no acreditar tal calidad, la solicitud se tendr\u00e1 por no presentada. La solicitud de rectificaci\u00f3n, actualizaci\u00f3n o supresi\u00f3n debe ser presentada a trav\u00e9s de los medios habilitados por GOLDEN COMUNICACIONES descritos en el numeral 8\u00ba de la presente, adicionando la siguiente informaci\u00f3n: &#8211; Los documentos que acrediten la identidad o la personalidad de su representante. &#8211; La descripci\u00f3n clara y precisa de los datos personales respecto de los cuales el titular busca ejercer alguno de los derechos. &#8211; Cualquier otro elemento o documento que faciliten la localizaci\u00f3n de los datos personales. c. Rectificaci\u00f3n y actualizaci\u00f3n: GOLDEN COMUNICACIONES reconoce su obligaci\u00f3n de rectificar y actualizar a solicitud del titular, la informaci\u00f3n de \u00e9ste que resulte ser incompleta o inexacta, de conformidad con el procedimiento y los t\u00e9rminos se\u00f1alados en la presente pol\u00edtica. Para tal efecto se tendr\u00e1 en cuenta lo siguiente: &#8211; En las solicitudes de rectificaci\u00f3n y actualizaci\u00f3n de datos personales el titular debe indicar las correcciones a realizar y aportar la documentaci\u00f3n que avale su petici\u00f3n. &#8211; La solicitud de rectificaci\u00f3n y actualizaci\u00f3n lo podr\u00e1 presentar el Titular, teniendo en cuenta las siguientes directrices: o La solicitud de rectificaci\u00f3n y actualizaci\u00f3n se formular\u00e1 mediante solicitud dirigida al Responsable del Tratamiento o al Encargado del Tratamiento, con la identificaci\u00f3n del Titular, la descripci\u00f3n de los hechos que dan lugar a la solicitud, la direcci\u00f3n, y acompa\u00f1ando los documentos que se quiera hacer valer. Si la solicitud resulta incompleta, se requerir\u00e1 al interesado dentro de los cinco (5) d\u00edas siguientes a la recepci\u00f3n del reclamo para que complemente la informaci\u00f3n. Transcurridos dos (2) meses desde la fecha del requerimiento, sin que el solicitante presente la informaci\u00f3n requerida, se entender\u00e1 que ha desistido de la solicitud. En caso de que quien reciba la solicitud no sea competente para resolverlo, dar\u00e1 traslado a quien corresponda en un t\u00e9rmino m\u00e1ximo de dos (2) d\u00edas h\u00e1biles e informar\u00e1 de la situaci\u00f3n al interesado, es decir al solicitante. &#8211; Una vez recibida la solicitud completa, se incluir\u00e1 en la base de datos una leyenda que diga \u00absolicitud de rectificaci\u00f3n y actualizaci\u00f3n en tr\u00e1mite\u00bb y el motivo de la misma, en un t\u00e9rmino no mayor a dos (2) d\u00edas h\u00e1biles. Dicha leyenda deber\u00e1 mantenerse hasta que la solicitud sea decidida. &#8211; El t\u00e9rmino m\u00e1ximo para atender el reclamo ser\u00e1 de quince (15) d\u00edas h\u00e1biles contados a partir del d\u00eda siguiente a la fecha de su recibo. Cuando no fuere posible atender el reclamo dentro de dicho t\u00e9rmino, se informar\u00e1 al interesado los motivos de la demora y la fecha en que se atender\u00e1 su reclamo, la cual en ning\u00fan caso podr\u00e1 superar los ocho (8) d\u00edas h\u00e1biles siguientes al vencimiento del primer t\u00e9rmino. &#8211; La solicitud de rectificaci\u00f3n y actualizaci\u00f3n debe ser presentada a trav\u00e9s de los medios habilitados por GOLDEN COMUNICACIONES descritos en el numeral 8\u00ba de la presente, adicionando en este caso la siguiente informaci\u00f3n: &#8211; Los documentos que acrediten la identidad o la personalidad de su representante. &#8211; La descripci\u00f3n clara y precisa de los datos personales respecto de los cuales el titular busca ejercer el derecho de rectificaci\u00f3n y actualizaci\u00f3n. &#8211; Cualquier otro elemento o documento que faciliten la localizaci\u00f3n, rectificaci\u00f3n y actualizaci\u00f3n de los datos personales del titular. d. Supresi\u00f3n: El titular de la informaci\u00f3n tiene el derecho a solicitar a GOLDEN COMUNICACIONES, la supresi\u00f3n (eliminaci\u00f3n) de sus datos personales cuando: &#8211; Considere que los mismos no est\u00e1n siendo tratados conforme a los principios, deberes y obligaciones previstas en la normatividad vigente. &#8211; Hayan dejado de ser necesarios o pertinentes para la finalidad para la cual fueron recabados. &#8211; Se haya superado el periodo necesario para el cumplimiento de los fines para los que fueron recabados. &#8211; Esta supresi\u00f3n implica la eliminaci\u00f3n total o parcial de la informaci\u00f3n personal de acuerdo con lo solicitado por el titular en los registros, archivos, bases de datos o tratamientos realizados por GOLDEN COMUNICACIONES. Es importante tener en cuenta que el derecho de cancelaci\u00f3n no es absoluto y el responsable puede negar el ejercicio del mismo cuando: &#8211; El titular tenga un deber legal o contractual de permanecer en la base de datos; -La eliminaci\u00f3n de datos obstaculice actuaciones judiciales o administrativas vinculadas a obligaciones fiscales, la investigaci\u00f3n y persecuci\u00f3n de delitos o la actualizaci\u00f3n de sanciones administrativas; &#8211; Los datos sean necesarios para proteger los intereses jur\u00eddicamente tutelados del titular. La solicitud de supresi\u00f3n (eliminaci\u00f3n) de sus datos la podr\u00e1 presentar el Titular, teniendo en cuenta las siguientes directrices: &#8211; La solicitud de supresi\u00f3n (eliminaci\u00f3n) se formular\u00e1 mediante solicitud dirigida al Responsable del Tratamiento o al Encargado del Tratamiento, con la identificaci\u00f3n del Titular, la descripci\u00f3n de los hechos que dan lugar a la solicitud, la direcci\u00f3n, y acompa\u00f1ando los documentos que se quiera hacer valer. Si la solicitud resulta incompleta, se requerir\u00e1 al interesado dentro de los cinco (5) d\u00edas siguientes a la recepci\u00f3n del reclamo para que complemente la informaci\u00f3n. Transcurridos dos (2) meses desde la fecha del requerimiento, sin que el solicitante presente la informaci\u00f3n requerida, se entender\u00e1 que ha desistido de la solicitud. En caso de que quien reciba la solicitud no sea competente para resolverlo, dar\u00e1 traslado a quien corresponda en un t\u00e9rmino m\u00e1ximo de dos (2) d\u00edas h\u00e1biles e informar\u00e1 de la situaci\u00f3n al interesado, es decir al solicitante. Una vez recibida la solicitud completa, se incluir\u00e1 en la base de datos una leyenda que diga \u00absolicitud de supresi\u00f3n (eliminaci\u00f3n) de sus datos en tr\u00e1mite\u00bb y el motivo de la misma, en un t\u00e9rmino no mayor a dos (2) d\u00edas h\u00e1biles. Dicha leyenda deber\u00e1 mantenerse hasta que la solicitud sea decidida. &#8211; El t\u00e9rmino m\u00e1ximo para atender el reclamo ser\u00e1 de quince (15) d\u00edas h\u00e1biles contados a partir del d\u00eda siguiente a la fecha de su recibo. Cuando no fuere posible atender el reclamo dentro de dicho t\u00e9rmino, se informar\u00e1 al interesado los motivos de la demora y la fecha en que se atender\u00e1 su reclamo, la cual en ning\u00fan caso podr\u00e1 superar los ocho (8) d\u00edas h\u00e1biles siguientes al vencimiento del primer t\u00e9rmino. &#8211; La solicitud de supresi\u00f3n (eliminaci\u00f3n) debe ser presentada a trav\u00e9s de los medios habilitados por GOLDEN COMUNICACIONES descritos en el numeral 8\u00ba de la presente, adicionando en este caso la siguiente informaci\u00f3n: &#8211; Los documentos que acrediten la identidad o la personalidad de su representante. &#8211; La descripci\u00f3n clara y precisa de los datos personales respecto de los cuales el titular busca ejercer el derecho de supresi\u00f3n (eliminaci\u00f3n). &#8211; Cualquier otro elemento o documento que faciliten la localizaci\u00f3n de los datos personales, as\u00ed como el tr\u00e1mite de la solicitud de supresi\u00f3n (eliminaci\u00f3n) de los datos personales. e. Revocatoria de la autorizaci\u00f3n: Los titulares de los datos personales pueden revocar el consentimiento al tratamiento de sus datos personales en cualquier momento, siempre y cuando no lo impida una disposici\u00f3n legal o contractual. Se deber\u00e1 tener en cuenta que existen dos modalidades en las que la revocaci\u00f3n del consentimiento puede darse: -Sobre la totalidad de las finalidades consentidas: GOLDEN COMUNICACIONES deber\u00e1 dejar de tratar por completo los datos del titular. -La solicitud de Revocatoria de la autorizaci\u00f3n la podr\u00e1 presentar el Titular, teniendo en cuenta las siguientes directrices: &#8211; La solicitud de Revocatoria de la autorizaci\u00f3n se formular\u00e1 mediante solicitud dirigida al Responsable del Tratamiento o al Encargado del Tratamiento, con la identificaci\u00f3n del Titular, la descripci\u00f3n de los hechos que dan lugar a la solicitud, la direcci\u00f3n, y acompa\u00f1ando los documentos que se quiera hacer valer. Si la solicitud resulta incompleta, se requerir\u00e1 al interesado dentro de los cinco (5) d\u00edas siguientes a la recepci\u00f3n del reclamo para que complemente la informaci\u00f3n. Transcurridos dos (2) meses desde la fecha del requerimiento, sin que el solicitante presente la informaci\u00f3n requerida, se entender\u00e1 que ha desistido de la solicitud. &#8211; En caso de que quien reciba la solicitud no sea competente para resolverlo, dar\u00e1 traslado a quien corresponda en un t\u00e9rmino m\u00e1ximo de dos (2) d\u00edas h\u00e1biles e informar\u00e1 de la situaci\u00f3n al interesado, es decir al solicitante. &#8211; Una vez recibida la solicitud completa, se incluir\u00e1 en la base de datos una leyenda que diga \u00abRevocatoria de la autorizaci\u00f3n en tr\u00e1mite\u00bb y el motivo de la misma, en un t\u00e9rmino no mayor a dos (2) d\u00edas h\u00e1biles. Dicha leyenda deber\u00e1 mantenerse hasta que la solicitud sea decidida. o El t\u00e9rmino m\u00e1ximo para atender el reclamo ser\u00e1 de quince (15) d\u00edas h\u00e1biles contados a partir del d\u00eda siguiente a la fecha de su recibo. Cuando no fuere posible atender el reclamo dentro de dicho t\u00e9rmino, se informar\u00e1 al interesado los motivos de la demora y la fecha en que se atender\u00e1 su reclamo, la cual en ning\u00fan caso podr\u00e1 superar los ocho (8) d\u00edas h\u00e1biles siguientes al vencimiento del primer t\u00e9rmino. La solicitud de Revocatoria de la autorizaci\u00f3n \u00fanicamente se podr\u00e1n ejercer por: &#8211; El titular o sus causahabientes, previa acreditaci\u00f3n de su identidad, o a trav\u00e9s de instrumentos electr\u00f3nicos que le permitan identificarse. &#8211; Su representante, previa acreditaci\u00f3n de la representaci\u00f3n.\u00a0 Cuando la solicitud sea formulada por persona distinta del titular, deber\u00e1 acreditarse en debida forma la personer\u00eda o mandato para actuar; y en caso de no acreditar tal calidad, la solicitud se tendr\u00e1 por no presentada. &#8211; La solicitud de Revocatoria de la autorizaci\u00f3n debe ser presentada a trav\u00e9s de los medios habilitados por GOLDEN COMUNICACIONES descritos en el numeral 8\u00ba de la presente, adicionando en este caso la siguiente informaci\u00f3n: &#8211; Los documentos que acrediten la identidad o la personalidad de su representante. &#8211; Cualquier otro elemento o documento que faciliten la localizaci\u00f3n de los datos personales y el tr\u00e1mite de la Revocatoria de la autorizaci\u00f3n.<\/li>\n<li><strong>Seguridad de la informaci\u00f3n y medidas de seguridad<\/strong>. En desarrollo del principio de seguridad establecido en la normatividad vigente en materia de privacidad y protecci\u00f3n de datos personales, GOLDEN COMUNICACIONES adoptar\u00e1 las medidas t\u00e9cnicas, humanas y administrativas que sean necesarias para otorgar seguridad a los registros evitando su adulteraci\u00f3n, p\u00e9rdida, consulta, uso o acceso no autorizado o fraudulento. De manera especial, todos los empleados y contratistas de GOLDEN COMUNICACIONES que intervengan en la utilizaci\u00f3n de datos personales que no tengan la naturaleza de p\u00fablicos, est\u00e1n obligados en todo tiempo a garantizar la reserva de la informaci\u00f3n.<\/li>\n<li><strong>Modificaciones a la Pol\u00edtica General de Privacidad y Protecci\u00f3n de Datos<\/strong>GOLDEN COMUNICACIONES se reserva el derecho de efectuar en cualquier momento modificaciones o actualizaciones a esta Pol\u00edtica General de Privacidad y Protecci\u00f3n de Datos, para la atenci\u00f3n de novedades legislativas, pol\u00edticas internas o nuevos requerimientos para la prestaci\u00f3n u ofrecimiento de sus servicios. Estas modificaciones estar\u00e1n disponibles al p\u00fablico a trav\u00e9s de los siguientes medios: anuncios visibles en sus establecimientos o en su p\u00e1gina web.<\/li>\n<li><strong>Aceptaci\u00f3n de esta Pol\u00edtica General de Privacidad y Protecci\u00f3n de Datos<\/strong>. Cada cliente acepta el tratamiento de sus datos personales conforme a los t\u00e9rminos establecidos en la Pol\u00edtica General de Privacidad y Protecci\u00f3n de Datos, cuando proporciona los datos a trav\u00e9s de nuestros documentos, v\u00eda correo electr\u00f3nico o verbalmente a cualquiera de nuestros funcionarios.<\/li>\n<li><strong>Vigencia.<\/strong>La presente Pol\u00edtica General de Privacidad y Protecci\u00f3n de Datos es efectiva a partir de su publicaci\u00f3n. La \u00faltima versi\u00f3n publicada es del 28 de Junio de 2018.<\/li>\n<\/ol>\n<p>&nbsp;<\/p>\n","protected":false},"excerpt":{"rendered":"<p>Introducci\u00f3n\u00a0GOLDEN COMUNICACIONES SAS (en adelante, GOLDEN COMUNICACIONES), sociedad comercial constituida en la Rep\u00fablica de Colombia, con domicilio principal en la Carrera 50 No. 100 \u2013 62 Oficina 503 Edificio Pasadena 100 de la ciudad de Bogot\u00e1, con tel\u00e9fono: +57 1 466 16 52, es responsable de la informaci\u00f3n y datos personales de sus clientes y [&hellip;]<\/p>\n","protected":false},"author":2,"featured_media":0,"parent":0,"menu_order":0,"comment_status":"closed","ping_status":"closed","template":"","meta":[],"_links":{"self":[{"href":"http:\/\/www.golden-c.com\/cr\/wp-json\/wp\/v2\/pages\/358"}],"collection":[{"href":"http:\/\/www.golden-c.com\/cr\/wp-json\/wp\/v2\/pages"}],"about":[{"href":"http:\/\/www.golden-c.com\/cr\/wp-json\/wp\/v2\/types\/page"}],"author":[{"embeddable":true,"href":"http:\/\/www.golden-c.com\/cr\/wp-json\/wp\/v2\/users\/2"}],"replies":[{"embeddable":true,"href":"http:\/\/www.golden-c.com\/cr\/wp-json\/wp\/v2\/comments?post=358"}],"version-history":[{"count":3,"href":"http:\/\/www.golden-c.com\/cr\/wp-json\/wp\/v2\/pages\/358\/revisions"}],"predecessor-version":[{"id":380,"href":"http:\/\/www.golden-c.com\/cr\/wp-json\/wp\/v2\/pages\/358\/revisions\/380"}],"wp:attachment":[{"href":"http:\/\/www.golden-c.com\/cr\/wp-json\/wp\/v2\/media?parent=358"}],"curies":[{"name":"wp","href":"https:\/\/api.w.org\/{rel}","templated":true}]}}