{"id":54,"date":"2015-02-25T14:31:05","date_gmt":"2015-02-25T14:31:05","guid":{"rendered":"http:\/\/www.golden-c.com\/?page_id=54"},"modified":"2021-05-27T20:13:16","modified_gmt":"2021-05-28T02:13:16","slug":"tyc","status":"publish","type":"page","link":"http:\/\/www.golden-c.com\/cr\/tyc\/","title":{"rendered":"TERMINOS DE USO DE LA PAGINA WEB"},"content":{"rendered":"<p style=\"text-align: justify;\"><strong>Introducci\u00f3n<\/strong><\/p>\n<p style=\"text-align: justify;\">Las siguientes condiciones de uso de la p\u00e1gina web y plataforma de solicitud de permisos, regulan los t\u00e9rminos y condiciones de acceso y uso del sitio www.golden-c.com, propiedad de Golden Comunicaciones SAS, (en adelante, \u201cGolden\u201d), que el usuario del Portal deber\u00e1 de leer y aceptar para usar los servicios e informaci\u00f3n que se facilitan desde el portal. El mero acceso y\/o utilizaci\u00f3n del portal, de todos o parte de sus contenidos y\/o servicios significa la plena aceptaci\u00f3n de las presentes condiciones generales de uso.<\/p>\n<p style=\"text-align: justify;\"><strong>Condiciones de uso<\/strong><\/p>\n<p style=\"text-align: justify;\">Las presentes condiciones generales de uso del portal regulan el acceso y la utilizaci\u00f3n del portal por parte de terceros y usuarios, incluyendo los contenidos y los servicios puestos a su disposici\u00f3n. No obstante, el acceso y la utilizaci\u00f3n de ciertos contenidos y\/o servicios puede encontrarse sometido a determinadas condiciones espec\u00edficas.<\/p>\n<p style=\"text-align: justify;\"><strong>Modificaciones<\/strong><\/p>\n<p style=\"text-align: justify;\">Golden se reserva el derecho de modificar en cualquier momento las condiciones generales de uso del portal. Debe consultarse peri\u00f3dicamente los presentes t\u00e9rminos de uso del portal, ya que pueden ser modificados sin previo aviso.<\/p>\n<p style=\"text-align: justify;\"><strong>Obligaciones del Usuario<\/strong><\/p>\n<p style=\"text-align: justify;\">El usuario deber\u00e1 respetar en todo momento las condiciones generales de uso del portal. De forma expresa el usuario manifiesta que utilizar\u00e1 el portal de forma diligente y asumiendo cualquier responsabilidad que pudiera derivarse del incumplimiento de las normas.<\/p>\n<p style=\"text-align: justify;\">Es responsabilidad del usuario la confirmaci\u00f3n y verificaci\u00f3n de la informaci\u00f3n aqu\u00ed suministrada de manera electr\u00f3nica y exonera a Golden de posibles investigaciones, tramites o responsabilidades sobre el uso de la herramienta, ya que dicho portal solo brinda una interfaz para que la informaci\u00f3n sea entregada de manera completa y adecuada de acuerdo a las pol\u00edticas de tramite de permisos vigentes a la fecha.<\/p>\n<p style=\"text-align: justify;\">As\u00ed mismo, el usuario no podr\u00e1 utilizar el portal para transmitir, almacenar, divulgar promover o distribuir datos o contenidos que sean portadores de virus o cualquier otro c\u00f3digo inform\u00e1tico, archivos o programas dise\u00f1ados para interrumpir, destruir o perjudicar el funcionamiento de cualquier programa o equipo inform\u00e1tico o de telecomunicaciones.<\/p>\n<p style=\"text-align: justify;\"><strong>Responsabilidad del portal<\/strong><\/p>\n<p style=\"text-align: justify;\">El usuario conoce y acepta que el portal no otorga ninguna garant\u00eda de cualquier naturaleza, ya sea expresa o impl\u00edcita, sobre los datos, contenidos, informaci\u00f3n y servicios que se incorporan y ofrecen desde el Portal.<\/p>\n<p style=\"text-align: justify;\">Debido a que en la actualidad los medios t\u00e9cnicos no permiten garantizar la absoluta falta de injerencia de la acci\u00f3n de terceras personas en el Sitio Web, Golden de ninguna manera asegura la exactitud y\/o veracidad de todo o parte de la informaci\u00f3n contenida en su p\u00e1gina, ni su actualizaci\u00f3n, ni que dicha informaci\u00f3n haya sido alterada o modificada en todo o en parte, luego de haber sido publicada en la p\u00e1gina, ni cualquier otro aspecto o caracter\u00edstica de lo publicado en el sitio o en los enlaces, respectivamente.<\/p>\n<p style=\"text-align: justify;\">GOLDEN no controla ni garantiza la ausencia de virus ni de otros elementos en los contenidos que puedan producir alteraciones en su sistema inform\u00e1tico (software y hardware) o en los documentos electr\u00f3nicos y ficheros almacenados en su sistema inform\u00e1tico.<\/p>\n<p style=\"text-align: justify;\">En consecuencia con lo anterior, GOLDEN no se har\u00e1 responsable de ning\u00fan da\u00f1o ocasionado en virtud de cualquier alteraci\u00f3n que se haya efectuado a los materiales o archivos de descarga suministrados directamente por la entidad.<\/p>\n<p style=\"text-align: justify;\">El Usuario no enviar\u00e1 o transmitir\u00e1 en el Sitio Web o hacia el mismo, a otros usuarios \u00a0o a cualquier persona, cualquier informaci\u00f3n de contenido obsceno, difamatorio, injuriante, calumniante o discriminatorio contra cualquier persona, o contra GOLDEN, sus filiales o entidades adscritas, sus funcionarios o contra los responsables de la administraci\u00f3n del Sitio Web.<\/p>\n<p style=\"text-align: justify;\">En ning\u00fan caso se aceptar\u00e1n contenidos que pueden ser considerados como ofensivos, sexistas, racistas, discriminatorios, obscenos, en la medida que contenidos ofensivos atentan contra derechos fundamentales de los particulares.<\/p>\n<p style=\"text-align: justify;\">En todo caso, el Portal excluye cualquier responsabilidad por los da\u00f1os y perjuicios que puedan deberse a la informaci\u00f3n y servicios prestados o suministrados por terceros diferentes de Golden.<\/p>\n<p style=\"text-align: justify;\"><strong>Propiedad intelectual e industrial<\/strong><\/p>\n<p style=\"text-align: justify;\">Todos los contenidos, marcas, logos, dibujos, documentaci\u00f3n, programas inform\u00e1ticos o cualquier otro elemento susceptible de protecci\u00f3n por la legislaci\u00f3n de propiedad intelectual o industrial, que sean accesibles en el portal corresponden exclusivamente a Golden o a sus leg\u00edtimos titulares y quedan expresamente reservados todos los derechos sobre los mismos.<\/p>\n<p style=\"text-align: justify;\">Queda expresamente prohibida la creaci\u00f3n de enlaces de hipertexto (links) a cualquier elemento integrante de las p\u00e1ginas web del Portal sin la autorizaci\u00f3n de Golden, siempre que no sean a una p\u00e1gina web del Portal que no requiera identificaci\u00f3n o autenticaci\u00f3n para su acceso, o el mismo est\u00e9 restringido.<\/p>\n<p style=\"text-align: justify;\">En cualquier caso, el portal se reserva todos los derechos sobre los contenidos, informaci\u00f3n datos y servicios que ostente sobre los mismos. El portal no concede ninguna licencia o autorizaci\u00f3n de uso al usuario sobre sus contenidos, datos o servicios, distinta de la que expresamente se detalle en las presentes condiciones generales de uso del portal.<\/p>\n<p style=\"text-align: justify;\">Cualquier distribuci\u00f3n, publicaci\u00f3n o explotaci\u00f3n comercial o promocional del Sitio Web, o de cualquiera de los contenidos, c\u00f3digos, datos o materiales en el Sitio Web, est\u00e1 estrictamente prohibida, a menos de que usted haya recibido el previo permiso expreso por escrito del personal autorizado de Golden. o de alg\u00fan otro poseedor de derechos aplicable. A no ser como est\u00e1 expresamente permitido en el presente contrato, usted no puede descargar, informar, exponer, publicar, copiar, reproducir, distribuir, transmitir, modificar, ejecutar, difundir, transferir, crear trabajos derivados de, vender o de cualquier otra manera explotar cualquiera de los contenidos, c\u00f3digos, datos o materiales en o disponibles a trav\u00e9s del Sitio Web. Usted se obliga adem\u00e1s a no alterar, editar, borrar, quitar, o de otra manera cambiar el significado o la apariencia de, o cambiar el prop\u00f3sito de, cualquiera de los contenidos, c\u00f3digos, datos o materiales en o disponibles a trav\u00e9s del Sitio Web, incluyendo, sin limitaci\u00f3n, la alteraci\u00f3n o retiro de cualquier marca comercial, marca registrada, logo, marca de servicios o cualquier otro contenido de propiedad o notificaci\u00f3n de derechos de propiedad. Usted reconoce que no adquiere ning\u00fan derecho de propiedad al descargar alg\u00fan material con derechos de autor de o a trav\u00e9s del Sitio Web. Si usted hace otro uso del Sitio Web, o de los contenidos, c\u00f3digos, datos o materiales que ah\u00ed se encuentren o que est\u00e9n disponibles a trav\u00e9s del Sitio Web, a no ser como se ha estipulado anteriormente, usted puede violar las leyes de derechos de autor y puede ser sujeto a responsabilidad legal por dicho uso no autorizado.<\/p>\n<p style=\"text-align: justify;\"><strong>Datos Personales<\/strong><\/p>\n<p style=\"text-align: justify;\">Para utilizar algunos de los Servicios, los Usuarios deben proporcionar previamente a\u00a0GOLDEN ciertos datos de car\u00e1cter personal (en adelante, los \u201cDatos Personales\u201d).\u00a0GOLDEN\u00a0tratar\u00e1 automatizadamente los Datos Personales con las finalidades as\u00ed como bajo las condiciones definidas en su Pol\u00edtica de Protecci\u00f3n de Datos publicada en la siguiente pagina web <a href=\"http:\/\/www.golden-c.com\/politica_datos\">www.golden-c.com\/politica_datos<\/a>.<\/p>\n<p style=\"text-align: justify;\"><strong>Legislaci\u00f3n aplicable, jurisdicci\u00f3n competente y notificaciones<\/strong><\/p>\n<p style=\"text-align: justify;\">Las presentes condiciones se rigen y se interpretan de acuerdo con las Leyes de Colombia. Para cualquier reclamaci\u00f3n ser\u00e1n competentes los juzgados y tribunales de la ciudad de Bogot\u00e1. Todas las notificaciones, requerimientos, peticiones y otras comunicaciones que el Usuario desee efectuar a Golden titular del Portal deber\u00e1n realizarse por escrito y se entender\u00e1 que han sido correctamente realizadas cuando hayan sido recibidas en la direcci\u00f3n divulgada en el portal.<\/p>\n<p style=\"text-align: justify;\">Si Usted tiene alguna pregunta inquietud o comentario al respecto de nuestras cl\u00e1usulas y\/o pol\u00edticas de privacidad, por favor, cont\u00e1ctenos a trav\u00e9s de nuestra pagina web en el apartado de contacto diligenciando el formulario en l\u00ednea para recibir por correo electr\u00f3nico respuesta a su solicitud.<\/p>\n","protected":false},"excerpt":{"rendered":"<p>Introducci\u00f3n Las siguientes condiciones de uso de la p\u00e1gina web y plataforma de solicitud de permisos, regulan los t\u00e9rminos y condiciones de acceso y uso del sitio www.golden-c.com, propiedad de Golden Comunicaciones SAS, (en adelante, \u201cGolden\u201d), que el usuario del Portal deber\u00e1 de leer y aceptar para usar los servicios e informaci\u00f3n que se facilitan [&hellip;]<\/p>\n","protected":false},"author":38,"featured_media":0,"parent":0,"menu_order":7,"comment_status":"open","ping_status":"open","template":"","meta":[],"_links":{"self":[{"href":"http:\/\/www.golden-c.com\/cr\/wp-json\/wp\/v2\/pages\/54"}],"collection":[{"href":"http:\/\/www.golden-c.com\/cr\/wp-json\/wp\/v2\/pages"}],"about":[{"href":"http:\/\/www.golden-c.com\/cr\/wp-json\/wp\/v2\/types\/page"}],"author":[{"embeddable":true,"href":"http:\/\/www.golden-c.com\/cr\/wp-json\/wp\/v2\/users\/38"}],"replies":[{"embeddable":true,"href":"http:\/\/www.golden-c.com\/cr\/wp-json\/wp\/v2\/comments?post=54"}],"version-history":[{"count":2,"href":"http:\/\/www.golden-c.com\/cr\/wp-json\/wp\/v2\/pages\/54\/revisions"}],"predecessor-version":[{"id":623,"href":"http:\/\/www.golden-c.com\/cr\/wp-json\/wp\/v2\/pages\/54\/revisions\/623"}],"wp:attachment":[{"href":"http:\/\/www.golden-c.com\/cr\/wp-json\/wp\/v2\/media?parent=54"}],"curies":[{"name":"wp","href":"https:\/\/api.w.org\/{rel}","templated":true}]}}