{"id":2,"date":"2015-02-17T11:48:38","date_gmt":"2015-02-17T11:48:38","guid":{"rendered":"http:\/\/www.golden-c.com\/?page_id=2"},"modified":"2021-05-27T20:15:21","modified_gmt":"2021-05-28T02:15:21","slug":"inicio","status":"publish","type":"page","link":"https:\/\/www.golden-c.com\/cr\/","title":{"rendered":"Inicio"},"content":{"rendered":"<div class=\"fusion-fullwidth fullwidth-box\" style=\"background-color:#123e65;background-attachment:scroll;background-image: url(http:\/\/www.golden-c.com\/wp-content\/uploads\/bg-home.jpg);background-position:center center;background-repeat:no-repeat;-webkit-background-size:cover;-moz-background-size:cover;-o-background-size:cover;background-size:cover;border-color:#eae9e9;border-bottom-width: 0px;border-top-width: 0px;border-bottom-style: solid;border-top-style: solid;padding-bottom:0px;padding-left:0px;padding-right:0px;padding-top:20px;\"><div class=\"avada-row\"><div class=\"fusion-sep-clear\"><\/div><div class=\"fusion-separator sep-shadow\" style=\"border-color:#fcfcfc;margin-top:75px;margin-bottom:70px;max-width:2;\"><\/div>\n<h2 id=\"main_text-home\" style=\"text-align: justify !important; margin-top: 20px; font-size: 16px; color: #ffffff; width: 60%; margin: 0 auto;\">Ofrecemos soluciones integrales en el sector de las telecomunicaciones y desarrollamos infraestructura para entregar en alquiler a los diferentes operadores de tecnolog\u00eda de comunicaciones.<\/h2>\n<div id=\"logo_home\">\n<p style=\"text-align: center;\"><img loading=\"lazy\" class=\"aligncenter size-full wp-image-253\" src=\"http:\/\/www.golden-c.com\/wp-content\/uploads\/logo-home-monitor.png\" alt=\"logo-home-monitor\" width=\"421\" height=\"101\" \/><\/p>\n<\/div>\n<div class=\"fusion-sep-clear\"><\/div><div class=\"fusion-separator fusion-full-width-sep sep-none\" style=\"border-color:#e0dede;margin-top:10px;margin-bottom:10px;\"><\/div><span class=\"fusion-imageframe imageframe imageframe-none imageframe-1\"><a href=\"#\" target=\"_self\"> <img alt=\"\" class=\"img-responsive\" \/><\/a><\/span><div class=\"fusion-sep-clear\"><\/div><div class=\"fusion-separator fusion-full-width-sep sep-single separator_home\" style=\"border-color:#ffb80b;margin-top:100px;margin-bottom:50px;\"><span class=\"icon-wrapper\" style=\"border-color:#ffb80b;\"><i class=\"fa fa-chevron-down\" style=\"color:#ffb80b;\"><\/i><\/span><\/div><\/div><\/div><div class=\"fusion-fullwidth fullwidth-box\" style=\"background-attachment:scroll;background-position:left top;background-repeat:no-repeat;-webkit-background-size:cover;-moz-background-size:cover;-o-background-size:cover;background-size:cover;border-color:#eae9e9;border-bottom-width: 0px;border-top-width: 0px;border-bottom-style: solid;border-top-style: solid;padding-bottom:30px;padding-left:0px;padding-right:0px;padding-top:0px;\"><div class=\"avada-row\"><div class=\"fusion-one-half one_half fusion-layout-column fusion-column spacing-yes\"><div class=\"fusion-column-wrapper\"><div class=\"fusion-title title\"><h3 class=\"title-heading-left\">Servicios que ofrecemos<\/h3><div class=\"title-sep-container\"><div class=\"title-sep sep-double sep-solid\" style=\"border-color:#e8e8e8;\"><\/div><\/div><\/div><script data-cfasync=\"false\" type=\"text\/javascript\">var lsjQuery = jQuery;<\/script><script data-cfasync=\"false\" type=\"text\/javascript\"> lsjQuery(document).ready(function() { if(typeof lsjQuery.fn.layerSlider == \"undefined\") { lsShowNotice('layerslider_1','jquery'); } else { lsjQuery(\"#layerslider_1\").layerSlider({skin: 'lightskin', skinsPath: 'https:\/\/www.golden-c.com\/cr\/wp-content\/plugins\/LayerSlider\/static\/skins\/'}) } }); <\/script><div id=\"layerslider_1\" class=\"ls-wp-container\" style=\"width:530px;height:335px;margin:0 auto;margin-bottom: 0px;\"><div class=\"ls-slide\" data-ls=\"transition2d:5,6,7,8;\"><img src=\"https:\/\/www.golden-c.com\/cr\/wp-content\/plugins\/LayerSlider\/static\/img\/blank.gif\" data-src=\"http:\/\/www.golden-c.com\/wp-content\/uploads\/small-home-telecomunicaciones.jpg\" class=\"ls-bg\" alt=\"Slide background\" \/><a href=\"http:\/\/www.golden-c.com\/servicios\/\" target=\"_self\" class=\"ls-link\"><\/a><\/div><div class=\"ls-slide\" data-ls=\"transition2d:5,6,7,8;\"><img src=\"https:\/\/www.golden-c.com\/cr\/wp-content\/plugins\/LayerSlider\/static\/img\/blank.gif\" data-src=\"http:\/\/www.golden-c.com\/wp-content\/uploads\/small-home-construccion.jpg\" class=\"ls-bg\" alt=\"Slide background\" \/><a href=\"http:\/\/www.golden-c.com\/servicios\/\" target=\"_self\" class=\"ls-link\"><\/a><\/div><div class=\"ls-slide\" data-ls=\"transition2d:5,6,7,8;\"><img src=\"https:\/\/www.golden-c.com\/cr\/wp-content\/plugins\/LayerSlider\/static\/img\/blank.gif\" data-src=\"http:\/\/www.golden-c.com\/wp-content\/uploads\/small-home-consultoria.jpg\" class=\"ls-bg\" alt=\"Slide background\" \/><a href=\"http:\/\/www.golden-c.com\/servicios\/\" target=\"_self\" class=\"ls-link\"><\/a><\/div><\/div><\/div><\/div><div class=\"fusion-one-half one_half fusion-layout-column fusion-column last spacing-yes\"><div class=\"fusion-column-wrapper\"><div class=\"fusion-title title\"><h3 class=\"title-heading-left\">\u00bfQu\u00e9 hacemos?<\/h3><div class=\"title-sep-container\"><div class=\"title-sep sep-double sep-solid\" style=\"border-color:#e8e8e8;\"><\/div><\/div><\/div>En Golden Comunicaciones S.A., desarrollamos soluciones de\u00a0 infraestructura para telecomunicaciones, con los mas altos est\u00e1ndares tecnol\u00f3gicos y ambientales, ofreciendo espacios arm\u00f3nicos con el entorno en los que se construyen, contribuyendo a la creciente demanda por parte de los operadores de tecnolog\u00eda por ampliar sus redes, brindar nuevos y mejores servicios a sus usuarios.<\/div><\/div><div class=\"fusion-clearfix\"><\/div><\/div><\/div><div class=\"fusion-fullwidth fullwidth-box\" style=\"background-attachment:fixed;background-image: url(http:\/\/www.golden-c.com\/wp-content\/uploads\/bg-03-600.jpg);background-position:center center;background-repeat:no-repeat;-webkit-background-size:cover;-moz-background-size:cover;-o-background-size:cover;background-size:cover;border-color:#eae9e9;border-bottom-width: 0px;border-top-width: 0px;border-bottom-style: solid;border-top-style: solid;padding-bottom:0px;padding-left:0px;padding-right:0px;padding-top:65px;\"><div class=\"avada-row\"><style type='text\/css'>.reading-box-container-1 .element-bottomshadow:before,.reading-box-container-1 .element-bottomshadow:after{opacity:0.1;}<\/style><div class=\"fusion-reading-box-container reading-box-container-1 fusion-animated\" data-animationType=\"slideInRight\" data-animationDuration=\"0.5\"><div class=\"reading-box\" style=\"background-color:rgba(255,255,255,.2);border-width:1px;border-color:rgba(255,255,255,.4);border-left-width:3px;border-left-color:#14257a;border-style:solid;\"><a class=\"button fusion-button button-default default button-round button-large large button-flat continue continue-right\" style=\"-webkit-box-shadow:none;-moz-box-shadow:none;box-shadow:none;\" href=\"http:\/\/www.golden-c.com\/cr\/contactenos\/\" target=\"_self\"><span>\u00a1Comun\u00edquese con nosotros!<\/span><\/a><h2>Golden Comunicaciones S.A.<\/h2><div class=\"reading-box-description\">Su aliado estrat\u00e9gico en el montaje de torres de comunicaciones en Costa Rica.<\/div><a class=\"button fusion-button button-default default button-round button-large large button-flat mobile-button continue-right\" style=\"-webkit-box-shadow:none;-moz-box-shadow:none;box-shadow:none;\" href=\"http:\/\/www.golden-c.com\/cr\/contactenos\/\" target=\"_self\"><span>\u00a1Comun\u00edquese con nosotros!<\/span><\/a><\/div><\/div><div class=\"fusion-sep-clear\"><\/div><div class=\"fusion-separator fusion-full-width-sep sep-none\" style=\"border-color:#e0dede;margin-top:-20px;\"><\/div><\/div><\/div>\n","protected":false},"excerpt":{"rendered":"","protected":false},"author":38,"featured_media":0,"parent":0,"menu_order":0,"comment_status":"open","ping_status":"closed","template":"100-width.php","meta":[],"_links":{"self":[{"href":"https:\/\/www.golden-c.com\/cr\/wp-json\/wp\/v2\/pages\/2"}],"collection":[{"href":"https:\/\/www.golden-c.com\/cr\/wp-json\/wp\/v2\/pages"}],"about":[{"href":"https:\/\/www.golden-c.com\/cr\/wp-json\/wp\/v2\/types\/page"}],"author":[{"embeddable":true,"href":"https:\/\/www.golden-c.com\/cr\/wp-json\/wp\/v2\/users\/38"}],"replies":[{"embeddable":true,"href":"https:\/\/www.golden-c.com\/cr\/wp-json\/wp\/v2\/comments?post=2"}],"version-history":[{"count":7,"href":"https:\/\/www.golden-c.com\/cr\/wp-json\/wp\/v2\/pages\/2\/revisions"}],"predecessor-version":[{"id":624,"href":"https:\/\/www.golden-c.com\/cr\/wp-json\/wp\/v2\/pages\/2\/revisions\/624"}],"wp:attachment":[{"href":"https:\/\/www.golden-c.com\/cr\/wp-json\/wp\/v2\/media?parent=2"}],"curies":[{"name":"wp","href":"https:\/\/api.w.org\/{rel}","templated":true}]}}